{"id":175,"date":"2023-03-12T00:58:45","date_gmt":"2023-03-11T23:58:45","guid":{"rendered":"https:\/\/www.ufest.cz\/archiv\/2023\/?page_id=175"},"modified":"2023-06-06T06:22:09","modified_gmt":"2023-06-06T04:22:09","slug":"vstupenky","status":"publish","type":"page","link":"https:\/\/www.ufest.cz\/archiv\/2023\/vstupenky\/","title":{"rendered":"vstupenky"},"content":{"rendered":"<p>[et_pb_section fb_built=&#8221;1&#8243; admin_label=&#8221;section&#8221; _builder_version=&#8221;4.16&#8243; background_image=&#8221;https:\/\/www.ufest.cz\/archiv\/2023\/wp-content\/uploads\/2023\/03\/back-thin.svg&#8221; min_height=&#8221;30px&#8221; height=&#8221;30px&#8221; max_height=&#8221;30px&#8221; custom_margin=&#8221;0px||0px||true|false&#8221; custom_padding=&#8221;0px||0px||true|false&#8221; global_colors_info=&#8221;{}&#8221;][et_pb_row _builder_version=&#8221;4.16&#8243; _module_preset=&#8221;default&#8221; global_colors_info=&#8221;{}&#8221;][et_pb_column type=&#8221;4_4&#8243; _builder_version=&#8221;4.16&#8243; _module_preset=&#8221;default&#8221; global_colors_info=&#8221;{}&#8221;][et_pb_divider show_divider=&#8221;off&#8221; _builder_version=&#8221;4.16&#8243; _module_preset=&#8221;default&#8221; global_colors_info=&#8221;{}&#8221;][\/et_pb_divider][\/et_pb_column][\/et_pb_row][\/et_pb_section][et_pb_section fb_built=&#8221;1&#8243; admin_label=&#8221;section&#8221; _builder_version=&#8221;4.16&#8243; background_color=&#8221;RGBA(0,0,0,0)&#8221; background_enable_image=&#8221;off&#8221; custom_margin=&#8221;0px||0px||true|false&#8221; custom_padding=&#8221;0px||0px||true|false&#8221; global_colors_info=&#8221;{}&#8221;][et_pb_row use_custom_gutter=&#8221;on&#8221; gutter_width=&#8221;2&#8243; make_equal=&#8221;on&#8221; admin_label=&#8221;Nadpis&#8221; _builder_version=&#8221;4.16&#8243; background_enable_color=&#8221;off&#8221; background_size=&#8221;initial&#8221; background_position=&#8221;top_left&#8221; background_repeat=&#8221;repeat&#8221; custom_margin=&#8221;||||false|false&#8221; custom_padding=&#8221;0px||0px||false|false&#8221; global_colors_info=&#8221;{}&#8221;][et_pb_column type=&#8221;4_4&#8243; _builder_version=&#8221;4.16&#8243; background_color=&#8221;#FFFFFF&#8221; custom_padding=&#8221;||||false|false&#8221; global_colors_info=&#8221;{}&#8221; custom_padding__hover=&#8221;|||&#8221;][et_pb_text _builder_version=&#8221;4.16&#8243; _dynamic_attributes=&#8221;content&#8221; _module_preset=&#8221;default&#8221; text_font=&#8221;ABC-Gravity||||||||&#8221; text_text_color=&#8221;#E02B20&#8243; text_font_size=&#8221;24px&#8221; text_line_height=&#8221;1.2em&#8221; header_font=&#8221;ABC-Gravity||||||||&#8221; header_text_color=&#8221;#E02B20&#8243; background_color=&#8221;#FFFFFF&#8221; text_orientation=&#8221;center&#8221; custom_margin=&#8221;||||false|false&#8221; custom_padding=&#8221;40px|10px|20px|10px|false|false&#8221; global_colors_info=&#8221;{}&#8221;]@ET-DC@eyJkeW5hbWljIjp0cnVlLCJjb250ZW50IjoicG9zdF90aXRsZSIsInNldHRpbmdzIjp7ImJlZm9yZSI6IjxoMT4iLCJhZnRlciI6IjwvaDE+In19@[\/et_pb_text][\/et_pb_column][\/et_pb_row][et_pb_row column_structure=&#8221;1_2,1_2&#8243; use_custom_gutter=&#8221;on&#8221; gutter_width=&#8221;2&#8243; make_equal=&#8221;on&#8221; admin_label=&#8221;row&#8221; _builder_version=&#8221;4.16&#8243; background_enable_color=&#8221;off&#8221; background_size=&#8221;initial&#8221; background_position=&#8221;top_left&#8221; background_repeat=&#8221;repeat&#8221; custom_margin=&#8221;||||false|false&#8221; custom_padding=&#8221;||||false|false&#8221; global_colors_info=&#8221;{}&#8221; transform_styles__hover_enabled=&#8221;on|hover&#8221; transform_scale__hover_enabled=&#8221;on|hover&#8221; transform_translate__hover_enabled=&#8221;on|desktop&#8221; transform_rotate__hover_enabled=&#8221;on|desktop&#8221; transform_skew__hover_enabled=&#8221;on|desktop&#8221; transform_origin__hover_enabled=&#8221;on|desktop&#8221;][et_pb_column type=&#8221;1_2&#8243; _builder_version=&#8221;4.16&#8243; background_color=&#8221;#FFFFFF&#8221; custom_padding=&#8221;||||false|false&#8221; global_colors_info=&#8221;{}&#8221; custom_padding__hover=&#8221;|||&#8221; transform_styles__hover_enabled=&#8221;on|hover&#8221; transform_scale__hover_enabled=&#8221;on|hover&#8221; transform_translate__hover_enabled=&#8221;on|desktop&#8221; transform_rotate__hover_enabled=&#8221;on|desktop&#8221; transform_skew__hover_enabled=&#8221;on|desktop&#8221; transform_origin__hover_enabled=&#8221;on|desktop&#8221;][et_pb_text module_class=&#8221;textjustify&#8221; _builder_version=&#8221;4.21.0&#8243; _module_preset=&#8221;default&#8221; text_font=&#8221;||||||||&#8221; text_text_color=&#8221;#000000&#8243; text_line_height=&#8221;1.2em&#8221; header_3_font=&#8221;|600||on|||||&#8221; header_3_text_color=&#8221;#E02B20&#8243; header_3_font_size=&#8221;21px&#8221; header_3_line_height=&#8221;1.4em&#8221; background_color=&#8221;#FFFFFF&#8221; custom_margin=&#8221;||||false|false&#8221; custom_padding=&#8221;20px|20px|20px|20px|false|true&#8221; custom_css_main_element=&#8221;margin: auto;&#8221; global_colors_info=&#8221;{}&#8221; transform_styles__hover_enabled=&#8221;on|hover&#8221; transform_scale__hover_enabled=&#8221;on|hover&#8221; transform_translate__hover_enabled=&#8221;on|desktop&#8221; transform_rotate__hover_enabled=&#8221;on|desktop&#8221; transform_skew__hover_enabled=&#8221;on|desktop&#8221; transform_origin__hover_enabled=&#8221;on|desktop&#8221;]<\/p>\n<h3>Zv\u00fdhodn\u011bn\u00e9 vstupn\u00e9 (p\u0159edprodej)<\/h3>\n<p><strong>250 K\u010d<\/strong> <strong>(do 10. 4. 2023)<\/strong><\/p>\n<h3>Z\u00e1kladn\u00ed vstupn\u00e9 (p\u0159edprodej)<\/h3>\n<p><strong>390 K\u010d (od 11. 4. \u2013 9. 6. 2023)<\/strong><\/p>\n<h3><\/h3>\n<h3>Vstupn\u00e9 v den akce (na m\u00edst\u011b)<\/h3>\n<p><strong>490 K\u010d<\/strong><\/p>\n<h3>Speci\u00e1ln\u00ed vstupn\u00e9 (na m\u00edst\u011b)<\/h3>\n<p><strong>studentsk\u00e1 sleva, ZTP a ZTP\/P 300 K\u010d<\/strong><\/p>\n<h3>9. 6. tane\u010dn\u00ed party (na m\u00edst\u011b)<\/h3>\n<p><strong>Blackout stage 200 K\u010d<\/strong><\/p>\n<h3 style=\"text-align: center;\"><strong><br \/><\/strong>Festivalov\u00e1 vstupenka plat\u00ed i na p\u00e1te\u010dn\u00ed program.<\/h3>\n<h3 style=\"text-align: center;\">P\u0159edprodej fyzicky v s\u00eddle T\u00e9\u010dka (1. m\u00e1je 1000) nebo v TIC (Masarykovo n\u00e1m\u011bst\u00ed).<\/h3>\n<h3 style=\"text-align: center;\">D\u011bti do 15 let maj\u00ed festival <strong>ZDARMA<\/strong><\/h3>\n<p>&nbsp;<\/p>\n<p>[\/et_pb_text][\/et_pb_column][et_pb_column type=&#8221;1_2&#8243; _builder_version=&#8221;4.16&#8243; background_color=&#8221;RGBA(0,0,0,0)&#8221; custom_padding=&#8221;||||false|false&#8221; global_colors_info=&#8221;{}&#8221; custom_padding__hover=&#8221;|||&#8221; transform_styles__hover_enabled=&#8221;on|hover&#8221; transform_scale__hover_enabled=&#8221;on|hover&#8221; transform_translate__hover_enabled=&#8221;on|desktop&#8221; transform_rotate__hover_enabled=&#8221;on|desktop&#8221; transform_skew__hover_enabled=&#8221;on|desktop&#8221; transform_origin__hover_enabled=&#8221;on|desktop&#8221;][et_pb_code _builder_version=&#8221;4.16&#8243; _module_preset=&#8221;default&#8221; background_color=&#8221;#ffff1f&#8221; width=&#8221;100%&#8221; max_width=&#8221;100%&#8221; custom_padding=&#8221;20px|20px|20px|20px|true|true&#8221; global_colors_info=&#8221;{}&#8221;][et_pb_section global_module=\"71690\"][\/et_pb_section][\/et_pb_code][\/et_pb_column][\/et_pb_row][\/et_pb_section]<\/p>\n","protected":false},"excerpt":{"rendered":"<p>Zv\u00fdhodn\u011bn\u00e9 vstupn\u00e9 (p\u0159edprodej) 250 K\u010d (do 10. 4. 2023) Z\u00e1kladn\u00ed vstupn\u00e9 (p\u0159edprodej) 390 K\u010d (od 11. 4. \u2013 9. 6. 2023) Vstupn\u00e9 v den akce (na m\u00edst\u011b) 490 K\u010d Speci\u00e1ln\u00ed vstupn\u00e9 (na m\u00edst\u011b) studentsk\u00e1 sleva, ZTP a ZTP\/P 300 K\u010d 9. 6. tane\u010dn\u00ed party (na m\u00edst\u011b) Blackout stage 200 K\u010d Festivalov\u00e1 vstupenka plat\u00ed i na [&hellip;]<\/p>\n","protected":false},"author":2,"featured_media":0,"parent":0,"menu_order":0,"comment_status":"closed","ping_status":"closed","template":"","meta":{"_et_pb_use_builder":"on","_et_pb_old_content":"","_et_gb_content_width":"","inline_featured_image":false,"footnotes":""},"_links":{"self":[{"href":"https:\/\/www.ufest.cz\/archiv\/2023\/wp-json\/wp\/v2\/pages\/175"}],"collection":[{"href":"https:\/\/www.ufest.cz\/archiv\/2023\/wp-json\/wp\/v2\/pages"}],"about":[{"href":"https:\/\/www.ufest.cz\/archiv\/2023\/wp-json\/wp\/v2\/types\/page"}],"author":[{"embeddable":true,"href":"https:\/\/www.ufest.cz\/archiv\/2023\/wp-json\/wp\/v2\/users\/2"}],"replies":[{"embeddable":true,"href":"https:\/\/www.ufest.cz\/archiv\/2023\/wp-json\/wp\/v2\/comments?post=175"}],"version-history":[{"count":61,"href":"https:\/\/www.ufest.cz\/archiv\/2023\/wp-json\/wp\/v2\/pages\/175\/revisions"}],"predecessor-version":[{"id":72755,"href":"https:\/\/www.ufest.cz\/archiv\/2023\/wp-json\/wp\/v2\/pages\/175\/revisions\/72755"}],"wp:attachment":[{"href":"https:\/\/www.ufest.cz\/archiv\/2023\/wp-json\/wp\/v2\/media?parent=175"}],"curies":[{"name":"wp","href":"https:\/\/api.w.org\/{rel}","templated":true}]}}