{"id":72134,"date":"2023-03-21T09:14:47","date_gmt":"2023-03-21T08:14:47","guid":{"rendered":"https:\/\/www.ufest.cz\/archiv\/2023\/?page_id=72134"},"modified":"2023-03-21T11:14:59","modified_gmt":"2023-03-21T10:14:59","slug":"neco-neco","status":"publish","type":"page","link":"https:\/\/www.ufest.cz\/archiv\/2023\/program\/neco-neco\/","title":{"rendered":"N\u011bco n\u011bco"},"content":{"rendered":"<p>[et_pb_section fb_built=&#8221;1&#8243; admin_label=&#8221;section&#8221; _builder_version=&#8221;4.10.5&#8243; background_image=&#8221;https:\/\/www.ufest.cz\/archiv\/2023\/wp-content\/uploads\/2023\/03\/back-thin.svg&#8221; min_height=&#8221;30px&#8221; height=&#8221;30px&#8221; max_height=&#8221;30px&#8221; custom_margin=&#8221;0px||0px||true|false&#8221; custom_padding=&#8221;0px||0px||true|false&#8221; global_colors_info=&#8221;{}&#8221;][et_pb_row _builder_version=&#8221;4.10.5&#8243; _module_preset=&#8221;default&#8221; global_colors_info=&#8221;{}&#8221;][et_pb_column type=&#8221;4_4&#8243; _builder_version=&#8221;4.10.5&#8243; _module_preset=&#8221;default&#8221; global_colors_info=&#8221;{}&#8221;][et_pb_divider show_divider=&#8221;off&#8221; _builder_version=&#8221;4.10.5&#8243; _module_preset=&#8221;default&#8221; global_colors_info=&#8221;{}&#8221;][\/et_pb_divider][\/et_pb_column][\/et_pb_row][\/et_pb_section][et_pb_section fb_built=&#8221;1&#8243; admin_label=&#8221;section&#8221; _builder_version=&#8221;4.10.5&#8243; background_color=&#8221;RGBA(0,0,0,0)&#8221; background_enable_image=&#8221;off&#8221; custom_margin=&#8221;0px||0px||true|false&#8221; custom_padding=&#8221;0px||0px||true|false&#8221; global_colors_info=&#8221;{}&#8221;][et_pb_row use_custom_gutter=&#8221;on&#8221; gutter_width=&#8221;2&#8243; make_equal=&#8221;on&#8221; admin_label=&#8221;row&#8221; _builder_version=&#8221;4.10.5&#8243; background_enable_color=&#8221;off&#8221; background_size=&#8221;initial&#8221; background_position=&#8221;top_left&#8221; background_repeat=&#8221;repeat&#8221; custom_margin=&#8221;||||false|false&#8221; custom_padding=&#8221;0px||0px||false|false&#8221; global_colors_info=&#8221;{}&#8221;][et_pb_column type=&#8221;4_4&#8243; _builder_version=&#8221;4.10.5&#8243; background_color=&#8221;#FFFFFF&#8221; custom_padding=&#8221;||||false|false&#8221; global_colors_info=&#8221;{}&#8221; custom_padding__hover=&#8221;|||&#8221;][et_pb_text _builder_version=&#8221;4.10.5&#8243; _dynamic_attributes=&#8221;content&#8221; _module_preset=&#8221;default&#8221; text_font=&#8221;ABC-Gravity||||||||&#8221; text_text_color=&#8221;#E02B20&#8243; text_font_size=&#8221;24px&#8221; text_line_height=&#8221;1.2em&#8221; header_font=&#8221;ABC-Gravity||||||||&#8221; header_text_color=&#8221;#E02B20&#8243; background_color=&#8221;#FFFFFF&#8221; text_orientation=&#8221;center&#8221; custom_margin=&#8221;||||false|false&#8221; custom_padding=&#8221;40px|10px|20px|10px|false|false&#8221; global_colors_info=&#8221;{}&#8221;]@ET-DC@eyJkeW5hbWljIjp0cnVlLCJjb250ZW50IjoicG9zdF90aXRsZSIsInNldHRpbmdzIjp7ImJlZm9yZSI6IjxoMT4iLCJhZnRlciI6IjwvaDE+In19@[\/et_pb_text][\/et_pb_column][\/et_pb_row][et_pb_row column_structure=&#8221;1_2,1_2&#8243; use_custom_gutter=&#8221;on&#8221; gutter_width=&#8221;2&#8243; make_equal=&#8221;on&#8221; admin_label=&#8221;row&#8221; _builder_version=&#8221;4.10.5&#8243; background_enable_color=&#8221;off&#8221; background_size=&#8221;initial&#8221; background_position=&#8221;top_left&#8221; background_repeat=&#8221;repeat&#8221; custom_margin=&#8221;||||false|false&#8221; custom_padding=&#8221;||||false|false&#8221; global_colors_info=&#8221;{}&#8221;][et_pb_column type=&#8221;1_2&#8243; _builder_version=&#8221;4.10.5&#8243; background_color=&#8221;RGBA(0,0,0,0)&#8221; custom_padding=&#8221;||||false|false&#8221; global_colors_info=&#8221;{}&#8221; custom_padding__hover=&#8221;|||&#8221;][et_pb_image src=&#8221;https:\/\/www.ufest.cz\/archiv\/2023\/wp-content\/uploads\/2023\/03\/Neco-neco-1.jpg&#8221; title_text=&#8221;N\u011bco n\u011bco&#8221; _builder_version=&#8221;4.10.5&#8243; _module_preset=&#8221;default&#8221; global_colors_info=&#8221;{}&#8221;][\/et_pb_image][\/et_pb_column][et_pb_column type=&#8221;1_2&#8243; _builder_version=&#8221;4.10.5&#8243; background_color=&#8221;#FFFFFF&#8221; custom_padding=&#8221;||||false|false&#8221; global_colors_info=&#8221;{}&#8221; custom_padding__hover=&#8221;|||&#8221;][et_pb_text _builder_version=&#8221;4.10.5&#8243; _module_preset=&#8221;default&#8221; text_font=&#8221;ABC-Gravity||||||||&#8221; text_text_color=&#8221;gcid-fd9c76de-af58-4191-95bf-f7f3277de708&#8243; text_font_size=&#8221;24px&#8221; text_line_height=&#8221;1.2em&#8221; background_color=&#8221;#FFFFFF&#8221; text_orientation=&#8221;center&#8221; custom_margin=&#8221;||||false|false&#8221; custom_padding=&#8221;15px|15px|0px|15px|false|true&#8221; global_colors_info=&#8221;{%22gcid-fd9c76de-af58-4191-95bf-f7f3277de708%22:%91%22text_text_color%22%93}&#8221;]<\/p>\n<p>N\u011bco n\u011bco hraj\u00ed lehkonoh\u00fd pop, do kter\u00e9ho m\u00edchaj\u00ed tane\u010dn\u00ed hudbu, hravou elektroniku, ale i \u0161pinav\u00e9 post-punkov\u00e9 kytary. Kapelu tvo\u0159\u00ed zp\u011bva\u010dka Al\u017eb\u011bta Trusinov\u00e1 a Tom\u00e1\u0161 Tk\u00e1\u010d, kter\u00fd krom\u011b zp\u011bvu obstar\u00e1v\u00e1 tak\u00e9 syntez\u00e1tory a kytaru.<\/p>\n<p>[\/et_pb_text][et_pb_text _builder_version=&#8221;4.10.5&#8243; _module_preset=&#8221;default&#8221; text_font=&#8221;||||||||&#8221; text_text_color=&#8221;#000000&#8243; text_font_size=&#8221;17px&#8221; text_line_height=&#8221;1.2em&#8221; background_color=&#8221;#FFFFFF&#8221; custom_margin=&#8221;||||false|false&#8221; custom_padding=&#8221;15px|15px|0px|15px|false|true&#8221; global_colors_info=&#8221;{}&#8221;]<\/p>\n<p>V jejich hudb\u011b m\u016f\u017eete sly\u0161et vlivy New Order, Hot Chip, LCD soundsystem i \u010desk\u00e9 nov\u00e9 vlny. Stejn\u011b jako kmit\u00e1 n\u00e1lada hudebn\u00edho projevu, tak se i jejich \u010desk\u00e9 texty pohybuj\u00ed v rozmez\u00ed od hravosti a\u017e po nal\u00e9havost.<br \/>Album \u00datr\u017eky (2021) nominovan\u00e9 na ceny Vinyla a Apollo m\u016f\u017eete sly\u0161et zde:\u00a0 <a href=\"https:\/\/songwhip.com\/neconeco\/utrzky\">https:\/\/songwhip.com\/neconeco\/utrzky<\/a>.<\/p>\n<p>Debutov\u00e9 album Za\u010d\u00edn\u00e1 vydali v roce 2020. Ob\u011b desky vy\u0161ly u hudebn\u00edho vydavatelstv\u00ed Divnosti.<br \/><a href=\"https:\/\/neconeco.online\">https:\/\/neconeco.online<\/a><\/p>\n<p>[\/et_pb_text][et_pb_social_media_follow use_icon_font_size=&#8221;on&#8221; icon_font_size=&#8221;25px&#8221; _builder_version=&#8221;4.10.5&#8243; _module_preset=&#8221;default&#8221; background_color=&#8221;RGBA(0,0,0,0)&#8221; text_orientation=&#8221;center&#8221; custom_margin=&#8221;0px||0px||false|false&#8221; custom_padding=&#8221;0px||0px||false|false&#8221; border_radii=&#8221;on|0px|0px|0px|0px&#8221; border_color_bottom=&#8221;#005BFF&#8221; global_colors_info=&#8221;{}&#8221; transform_translate__hover_enabled=&#8221;on|desktop&#8221; transform_rotate__hover_enabled=&#8221;on|desktop&#8221; transform_skew__hover_enabled=&#8221;on|desktop&#8221; transform_origin__hover_enabled=&#8221;on|desktop&#8221;][et_pb_social_media_follow_network social_network=&#8221;dbdb-website&#8221; url=&#8221;https:\/\/neconeco.online\/&#8221; icon_color=&#8221;#005BFF&#8221; _builder_version=&#8221;4.10.5&#8243; _module_preset=&#8221;default&#8221; background_color=&#8221;RGBA(0,0,0,0)&#8221; background_enable_color=&#8221;on&#8221; custom_margin=&#8221;||||false|false&#8221; custom_padding=&#8221;||||false|false&#8221; global_colors_info=&#8221;{}&#8221; background__hover_enabled=&#8221;on|hover&#8221; background_color__hover=&#8221;#005BFF&#8221; background_enable_color__hover=&#8221;on&#8221; icon_color__hover_enabled=&#8221;on|hover&#8221; icon_color__hover=&#8221;#FFFFFF&#8221; follow_button=&#8221;off&#8221; url_new_window=&#8221;on&#8221;]dbdb-website[\/et_pb_social_media_follow_network][et_pb_social_media_follow_network social_network=&#8221;facebook&#8221; url=&#8221;https:\/\/www.facebook.com\/neconecokapela\/&#8221; icon_color=&#8221;#005BFF&#8221; _builder_version=&#8221;4.10.5&#8243; _module_preset=&#8221;default&#8221; background_color=&#8221;RGBA(0,0,0,0)&#8221; background_enable_color=&#8221;on&#8221; global_colors_info=&#8221;{}&#8221; background__hover_enabled=&#8221;on|hover&#8221; background_color__hover=&#8221;#005BFF&#8221; background_enable_color__hover=&#8221;on&#8221; icon_color__hover_enabled=&#8221;on|hover&#8221; icon_color__hover=&#8221;#FFFFFF&#8221; follow_button=&#8221;off&#8221; url_new_window=&#8221;on&#8221;]facebook[\/et_pb_social_media_follow_network][et_pb_social_media_follow_network social_network=&#8221;instagram&#8221; url=&#8221;https:\/\/www.instagram.com\/neconecokapela\/&#8221; icon_color=&#8221;#005BFF&#8221; _builder_version=&#8221;4.10.5&#8243; _module_preset=&#8221;default&#8221; background_color=&#8221;RGBA(0,0,0,0)&#8221; background_enable_color=&#8221;on&#8221; global_colors_info=&#8221;{}&#8221; background__hover_enabled=&#8221;on|hover&#8221; background_color__hover=&#8221;#005BFF&#8221; background_enable_color__hover=&#8221;on&#8221; icon_color__hover_enabled=&#8221;on|hover&#8221; icon_color__hover=&#8221;#FFFFFF&#8221; follow_button=&#8221;off&#8221; url_new_window=&#8221;on&#8221;]instagram[\/et_pb_social_media_follow_network][et_pb_social_media_follow_network social_network=&#8221;bandcamp&#8221; url=&#8221;https:\/\/neconeco.bandcamp.com\/&#8221; icon_color=&#8221;#005BFF&#8221; _builder_version=&#8221;4.10.5&#8243; _module_preset=&#8221;default&#8221; background_color=&#8221;RGBA(0,0,0,0)&#8221; background_enable_color=&#8221;on&#8221; global_colors_info=&#8221;{}&#8221; background__hover_enabled=&#8221;on|hover&#8221; background_color__hover=&#8221;#005BFF&#8221; background_enable_color__hover=&#8221;on&#8221; icon_color__hover_enabled=&#8221;on|hover&#8221; icon_color__hover=&#8221;#FFFFFF&#8221; follow_button=&#8221;off&#8221; url_new_window=&#8221;on&#8221;]bandcamp[\/et_pb_social_media_follow_network][et_pb_social_media_follow_network social_network=&#8221;youtube&#8221; url=&#8221;https:\/\/youtu.be\/px7IhM5QSr8&#8243; icon_color=&#8221;#005BFF&#8221; _builder_version=&#8221;4.10.5&#8243; _module_preset=&#8221;default&#8221; background_color=&#8221;RGBA(0,0,0,0)&#8221; background_enable_color=&#8221;on&#8221; global_colors_info=&#8221;{}&#8221; background__hover_enabled=&#8221;on|hover&#8221; background_color__hover=&#8221;#005BFF&#8221; background_enable_color__hover=&#8221;on&#8221; icon_color__hover_enabled=&#8221;on|hover&#8221; icon_color__hover=&#8221;#FFFFFF&#8221; follow_button=&#8221;off&#8221; url_new_window=&#8221;on&#8221;]youtube[\/et_pb_social_media_follow_network][\/et_pb_social_media_follow][et_pb_video src=&#8221;https:\/\/www.youtube.com\/watch?v=px7IhM5QSr8&#038;ab_channel=DivnostiLabel&#8221; _builder_version=&#8221;4.10.5&#8243; _module_preset=&#8221;default&#8221; global_colors_info=&#8221;{}&#8221;][\/et_pb_video][et_pb_button button_url=&#8221;@ET-DC@eyJkeW5hbWljIjp0cnVlLCJjb250ZW50IjoicG9zdF9saW5rX3VybF9wYWdlIiwic2V0dGluZ3MiOnsicG9zdF9pZCI6IjE3NyJ9fQ==@&#8221; button_text=&#8221;zp\u00e1tky na program&#8221; button_alignment=&#8221;center&#8221; module_class=&#8221;dtb-button&#8221; _builder_version=&#8221;4.10.5&#8243; _dynamic_attributes=&#8221;button_url&#8221; _module_preset=&#8221;default&#8221; custom_margin=&#8221;||15px||false|false&#8221; global_colors_info=&#8221;{}&#8221;][\/et_pb_button][\/et_pb_column][\/et_pb_row][\/et_pb_section]<\/p>\n","protected":false},"excerpt":{"rendered":"<p>N\u011bco n\u011bco hraj\u00ed lehkonoh\u00fd pop, do kter\u00e9ho m\u00edchaj\u00ed tane\u010dn\u00ed hudbu, hravou elektroniku, ale i \u0161pinav\u00e9 post-punkov\u00e9 kytary. Kapelu tvo\u0159\u00ed zp\u011bva\u010dka Al\u017eb\u011bta Trusinov\u00e1 a Tom\u00e1\u0161 Tk\u00e1\u010d, kter\u00fd krom\u011b zp\u011bvu obstar\u00e1v\u00e1 tak\u00e9 syntez\u00e1tory a kytaru.V jejich hudb\u011b m\u016f\u017eete sly\u0161et vlivy New Order, Hot Chip, LCD soundsystem i \u010desk\u00e9 nov\u00e9 vlny. Stejn\u011b jako kmit\u00e1 n\u00e1lada hudebn\u00edho projevu, tak [&hellip;]<\/p>\n","protected":false},"author":2,"featured_media":0,"parent":177,"menu_order":0,"comment_status":"closed","ping_status":"closed","template":"","meta":{"_et_pb_use_builder":"on","_et_pb_old_content":"","_et_gb_content_width":"","inline_featured_image":false,"footnotes":""},"_links":{"self":[{"href":"https:\/\/www.ufest.cz\/archiv\/2023\/wp-json\/wp\/v2\/pages\/72134"}],"collection":[{"href":"https:\/\/www.ufest.cz\/archiv\/2023\/wp-json\/wp\/v2\/pages"}],"about":[{"href":"https:\/\/www.ufest.cz\/archiv\/2023\/wp-json\/wp\/v2\/types\/page"}],"author":[{"embeddable":true,"href":"https:\/\/www.ufest.cz\/archiv\/2023\/wp-json\/wp\/v2\/users\/2"}],"replies":[{"embeddable":true,"href":"https:\/\/www.ufest.cz\/archiv\/2023\/wp-json\/wp\/v2\/comments?post=72134"}],"version-history":[{"count":10,"href":"https:\/\/www.ufest.cz\/archiv\/2023\/wp-json\/wp\/v2\/pages\/72134\/revisions"}],"predecessor-version":[{"id":72203,"href":"https:\/\/www.ufest.cz\/archiv\/2023\/wp-json\/wp\/v2\/pages\/72134\/revisions\/72203"}],"up":[{"embeddable":true,"href":"https:\/\/www.ufest.cz\/archiv\/2023\/wp-json\/wp\/v2\/pages\/177"}],"wp:attachment":[{"href":"https:\/\/www.ufest.cz\/archiv\/2023\/wp-json\/wp\/v2\/media?parent=72134"}],"curies":[{"name":"wp","href":"https:\/\/api.w.org\/{rel}","templated":true}]}}