{"id":72268,"date":"2023-03-21T15:05:25","date_gmt":"2023-03-21T14:05:25","guid":{"rendered":"https:\/\/www.ufest.cz\/archiv\/2023\/?page_id=72268"},"modified":"2023-03-24T17:12:41","modified_gmt":"2023-03-24T16:12:41","slug":"dj-forest","status":"publish","type":"page","link":"https:\/\/www.ufest.cz\/archiv\/2023\/program\/dj-forest\/","title":{"rendered":"DJ Forest"},"content":{"rendered":"<p>[et_pb_section fb_built=&#8221;1&#8243; admin_label=&#8221;section&#8221; _builder_version=&#8221;4.10.5&#8243; background_image=&#8221;https:\/\/www.ufest.cz\/archiv\/2023\/wp-content\/uploads\/2023\/03\/back-thin.svg&#8221; min_height=&#8221;30px&#8221; height=&#8221;30px&#8221; max_height=&#8221;30px&#8221; custom_margin=&#8221;0px||0px||true|false&#8221; custom_padding=&#8221;0px||0px||true|false&#8221; global_colors_info=&#8221;{}&#8221;][et_pb_row _builder_version=&#8221;4.10.5&#8243; _module_preset=&#8221;default&#8221; global_colors_info=&#8221;{}&#8221;][et_pb_column type=&#8221;4_4&#8243; _builder_version=&#8221;4.10.5&#8243; _module_preset=&#8221;default&#8221; global_colors_info=&#8221;{}&#8221;][et_pb_divider show_divider=&#8221;off&#8221; _builder_version=&#8221;4.10.5&#8243; _module_preset=&#8221;default&#8221; global_colors_info=&#8221;{}&#8221;][\/et_pb_divider][\/et_pb_column][\/et_pb_row][\/et_pb_section][et_pb_section fb_built=&#8221;1&#8243; admin_label=&#8221;section&#8221; _builder_version=&#8221;4.10.5&#8243; background_color=&#8221;RGBA(0,0,0,0)&#8221; background_enable_image=&#8221;off&#8221; custom_margin=&#8221;0px||0px||true|false&#8221; custom_padding=&#8221;0px||0px||true|false&#8221; global_colors_info=&#8221;{}&#8221;][et_pb_row use_custom_gutter=&#8221;on&#8221; gutter_width=&#8221;2&#8243; make_equal=&#8221;on&#8221; admin_label=&#8221;row&#8221; _builder_version=&#8221;4.10.5&#8243; background_enable_color=&#8221;off&#8221; background_size=&#8221;initial&#8221; background_position=&#8221;top_left&#8221; background_repeat=&#8221;repeat&#8221; custom_margin=&#8221;||||false|false&#8221; custom_padding=&#8221;0px||0px||false|false&#8221; global_colors_info=&#8221;{}&#8221;][et_pb_column type=&#8221;4_4&#8243; _builder_version=&#8221;4.10.5&#8243; background_color=&#8221;#FFFFFF&#8221; custom_padding=&#8221;||||false|false&#8221; global_colors_info=&#8221;{}&#8221; custom_padding__hover=&#8221;|||&#8221;][et_pb_text _builder_version=&#8221;4.10.5&#8243; _dynamic_attributes=&#8221;content&#8221; _module_preset=&#8221;default&#8221; text_font=&#8221;ABC-Gravity||||||||&#8221; text_text_color=&#8221;#E02B20&#8243; text_font_size=&#8221;24px&#8221; text_line_height=&#8221;1.2em&#8221; header_font=&#8221;ABC-Gravity||||||||&#8221; header_text_color=&#8221;#E02B20&#8243; background_color=&#8221;#FFFFFF&#8221; text_orientation=&#8221;center&#8221; custom_margin=&#8221;||||false|false&#8221; custom_padding=&#8221;40px|10px|20px|10px|false|false&#8221; global_colors_info=&#8221;{}&#8221;]@ET-DC@eyJkeW5hbWljIjp0cnVlLCJjb250ZW50IjoicG9zdF90aXRsZSIsInNldHRpbmdzIjp7ImJlZm9yZSI6IjxoMT4iLCJhZnRlciI6IjwvaDE+In19@[\/et_pb_text][\/et_pb_column][\/et_pb_row][et_pb_row column_structure=&#8221;1_2,1_2&#8243; use_custom_gutter=&#8221;on&#8221; gutter_width=&#8221;2&#8243; make_equal=&#8221;on&#8221; admin_label=&#8221;row&#8221; _builder_version=&#8221;4.10.5&#8243; background_enable_color=&#8221;off&#8221; background_size=&#8221;initial&#8221; background_position=&#8221;top_left&#8221; background_repeat=&#8221;repeat&#8221; custom_margin=&#8221;||||false|false&#8221; custom_padding=&#8221;||||false|false&#8221; global_colors_info=&#8221;{}&#8221;][et_pb_column type=&#8221;1_2&#8243; _builder_version=&#8221;4.10.5&#8243; background_color=&#8221;RGBA(0,0,0,0)&#8221; custom_padding=&#8221;||||false|false&#8221; global_colors_info=&#8221;{}&#8221; custom_padding__hover=&#8221;|||&#8221;][et_pb_image src=&#8221;https:\/\/www.ufest.cz\/archiv\/2023\/wp-content\/uploads\/2023\/03\/ufest_forest_026.jpg&#8221; title_text=&#8221;ufest_forest_026&#8243; _builder_version=&#8221;4.10.5&#8243; _module_preset=&#8221;default&#8221; background_color=&#8221;RGBA(0,0,0,0)&#8221; position_origin_f=&#8221;top_center&#8221; global_colors_info=&#8221;{}&#8221;][\/et_pb_image][\/et_pb_column][et_pb_column type=&#8221;1_2&#8243; _builder_version=&#8221;4.10.5&#8243; background_color=&#8221;#FFFFFF&#8221; custom_padding=&#8221;||||false|false&#8221; global_colors_info=&#8221;{}&#8221; custom_padding__hover=&#8221;|||&#8221;][et_pb_text _builder_version=&#8221;4.10.5&#8243; _module_preset=&#8221;default&#8221; text_font=&#8221;ABC-Gravity||||||||&#8221; text_text_color=&#8221;gcid-fd9c76de-af58-4191-95bf-f7f3277de708&#8243; text_font_size=&#8221;24px&#8221; text_line_height=&#8221;1.2em&#8221; background_color=&#8221;#FFFFFF&#8221; text_orientation=&#8221;center&#8221; custom_margin=&#8221;||||false|false&#8221; custom_padding=&#8221;15px|15px|0px|15px|false|true&#8221; global_colors_info=&#8221;{%22gcid-fd9c76de-af58-4191-95bf-f7f3277de708%22:%91%22text_text_color%22%93}&#8221;]<\/p>\n<p><span style=\"font-weight: 400;\">Dj, multiinstrumentalista, texta\u0159, mistr zvuku, tv\u016frce hudby k film\u016fm, p\u0159edn\u00e1\u0161k\u00e1m a v\u00fdstav\u00e1m. Pevn\u011b zakl\u00edn\u011bn\u00fd v ko\u0159enech DIY kultury a undergroundu. <\/span><\/p>\n<p>[\/et_pb_text][et_pb_text _builder_version=&#8221;4.10.5&#8243; _module_preset=&#8221;default&#8221; text_font=&#8221;||||||||&#8221; text_text_color=&#8221;#000000&#8243; text_font_size=&#8221;17px&#8221; text_line_height=&#8221;1.2em&#8221; background_color=&#8221;#FFFFFF&#8221; custom_margin=&#8221;||||false|false&#8221; custom_padding=&#8221;15px|15px|0px|15px|false|true&#8221; global_colors_info=&#8221;{}&#8221;]<\/p>\n<p>Drzoun, kter\u00fd je schopn\u00fd vytvo\u0159it f\u00fazi tak\u0159ka z \u010dehokoliv a to tak ladn\u011b, \u017ee poslucha\u010d vn\u00edm\u00e1 hudbu p\u0159irozen\u011b, jako by byl sou\u010d\u00e1st\u00ed jej\u00edho p\u0159\u00edb\u011bhu.<\/p>\n<p>Nejen ve Fren\u0161t\u00e1t\u011b a okol\u00ed ovlivnil dv\u011b generace muzikant\u016f nap\u0159\u00ed\u010d \u017e\u00e1nry. Provozuje hudebn\u00ed studio v r\u00e1mci n\u00edzkoprahov\u00e9ho za\u0159\u00edzen\u00ed, kde s ml\u00e1de\u017ei nahr\u00e1v\u00e1 tvo\u0159\u00ed a d\u017eemuje.<\/p>\n<p>Je to rytmick\u00e1 ma\u0161ina, kter\u00e1 v\u00e1s nenech\u00e1 vykolejit.<\/p>\n<p>[\/et_pb_text][et_pb_social_media_follow use_icon_font_size=&#8221;on&#8221; icon_font_size=&#8221;25px&#8221; _builder_version=&#8221;4.10.5&#8243; _module_preset=&#8221;default&#8221; background_color=&#8221;RGBA(0,0,0,0)&#8221; text_orientation=&#8221;center&#8221; custom_margin=&#8221;0px||0px||false|false&#8221; custom_padding=&#8221;0px||0px||false|false&#8221; hover_enabled=&#8221;0&#8243; border_radii=&#8221;on|0px|0px|0px|0px&#8221; border_color_bottom=&#8221;#005BFF&#8221; global_colors_info=&#8221;{}&#8221; transform_translate__hover_enabled=&#8221;on|desktop&#8221; transform_rotate__hover_enabled=&#8221;on|desktop&#8221; transform_skew__hover_enabled=&#8221;on|desktop&#8221; transform_origin__hover_enabled=&#8221;on|desktop&#8221; sticky_enabled=&#8221;0&#8243;][et_pb_social_media_follow_network social_network=&#8221;dbdb-website&#8221; url=&#8221;https:\/\/www.tvbeskyd.cz\/slamer-anatol-svahilec-bavil-frenstatske-publikum-na-terase-domu-kultury\/&#8221; icon_color=&#8221;#005BFF&#8221; _builder_version=&#8221;4.10.5&#8243; _module_preset=&#8221;default&#8221; background_color=&#8221;RGBA(0,0,0,0)&#8221; background_enable_color=&#8221;on&#8221; custom_margin=&#8221;||||false|false&#8221; custom_padding=&#8221;||||false|false&#8221; global_colors_info=&#8221;{}&#8221; background__hover_enabled=&#8221;on|hover&#8221; background_color__hover=&#8221;#005BFF&#8221; background_enable_color__hover=&#8221;on&#8221; icon_color__hover_enabled=&#8221;on|hover&#8221; icon_color__hover=&#8221;#FFFFFF&#8221; follow_button=&#8221;off&#8221; url_new_window=&#8221;on&#8221;]dbdb-website[\/et_pb_social_media_follow_network][et_pb_social_media_follow_network social_network=&#8221;facebook&#8221; url=&#8221;https:\/\/www.facebook.com\/forest.fren\/&#8221; icon_color=&#8221;#005BFF&#8221; _builder_version=&#8221;4.10.5&#8243; _module_preset=&#8221;default&#8221; background_color=&#8221;RGBA(0,0,0,0)&#8221; background_enable_color=&#8221;on&#8221; global_colors_info=&#8221;{}&#8221; background__hover_enabled=&#8221;on|hover&#8221; background_color__hover=&#8221;#005BFF&#8221; background_enable_color__hover=&#8221;on&#8221; icon_color__hover_enabled=&#8221;on|hover&#8221; icon_color__hover=&#8221;#FFFFFF&#8221; follow_button=&#8221;off&#8221; url_new_window=&#8221;on&#8221;]facebook[\/et_pb_social_media_follow_network][et_pb_social_media_follow_network social_network=&#8221;soundcloud&#8221; url=&#8221;https:\/\/soundcloud.com\/forest-eclectica\/forest-zmateni-lesnici-part1&#8243; icon_color=&#8221;#005BFF&#8221; _builder_version=&#8221;4.10.5&#8243; _module_preset=&#8221;default&#8221; background_color=&#8221;#FFFFFF&#8221; background_enable_color=&#8221;on&#8221; hover_enabled=&#8221;0&#8243; global_colors_info=&#8221;{}&#8221; background__hover_enabled=&#8221;on|hover&#8221; background_color__hover=&#8221;#005BFF&#8221; background_enable_color__hover=&#8221;on&#8221; icon_color__hover_enabled=&#8221;on|hover&#8221; icon_color__hover=&#8221;#FFFFFF&#8221; follow_button=&#8221;off&#8221; url_new_window=&#8221;on&#8221; sticky_enabled=&#8221;0&#8243;]soundcloud[\/et_pb_social_media_follow_network][\/et_pb_social_media_follow][et_pb_video _builder_version=&#8221;4.10.5&#8243; _module_preset=&#8221;default&#8221; global_colors_info=&#8221;{}&#8221;][\/et_pb_video][et_pb_button button_url=&#8221;@ET-DC@eyJkeW5hbWljIjp0cnVlLCJjb250ZW50IjoicG9zdF9saW5rX3VybF9wYWdlIiwic2V0dGluZ3MiOnsicG9zdF9pZCI6IjE3NyJ9fQ==@&#8221; button_text=&#8221;zp\u00e1tky na program&#8221; button_alignment=&#8221;center&#8221; module_class=&#8221;dtb-button&#8221; _builder_version=&#8221;4.10.5&#8243; _dynamic_attributes=&#8221;button_url&#8221; _module_preset=&#8221;default&#8221; custom_margin=&#8221;||15px||false|false&#8221; global_colors_info=&#8221;{}&#8221;][\/et_pb_button][\/et_pb_column][\/et_pb_row][\/et_pb_section]<\/p>\n","protected":false},"excerpt":{"rendered":"<p>Dj, multiinstrumentalista, texta\u0159, mistr zvuku, tv\u016frce hudby k film\u016fm, p\u0159edn\u00e1\u0161k\u00e1m a v\u00fdstav\u00e1m. Pevn\u011b zakl\u00edn\u011bn\u00fd v ko\u0159enech DIY kultury a undergroundu. Drzoun, kter\u00fd je schopn\u00fd vytvo\u0159it f\u00fazi tak\u0159ka z \u010dehokoliv a to tak ladn\u011b, \u017ee poslucha\u010d vn\u00edm\u00e1 hudbu p\u0159irozen\u011b, jako by byl sou\u010d\u00e1st\u00ed jej\u00edho p\u0159\u00edb\u011bhu. Nejen ve Fren\u0161t\u00e1t\u011b a okol\u00ed ovlivnil dv\u011b generace muzikant\u016f nap\u0159\u00ed\u010d \u017e\u00e1nry. [&hellip;]<\/p>\n","protected":false},"author":2,"featured_media":0,"parent":177,"menu_order":0,"comment_status":"closed","ping_status":"closed","template":"","meta":{"_et_pb_use_builder":"on","_et_pb_old_content":"","_et_gb_content_width":"","inline_featured_image":false,"footnotes":""},"_links":{"self":[{"href":"https:\/\/www.ufest.cz\/archiv\/2023\/wp-json\/wp\/v2\/pages\/72268"}],"collection":[{"href":"https:\/\/www.ufest.cz\/archiv\/2023\/wp-json\/wp\/v2\/pages"}],"about":[{"href":"https:\/\/www.ufest.cz\/archiv\/2023\/wp-json\/wp\/v2\/types\/page"}],"author":[{"embeddable":true,"href":"https:\/\/www.ufest.cz\/archiv\/2023\/wp-json\/wp\/v2\/users\/2"}],"replies":[{"embeddable":true,"href":"https:\/\/www.ufest.cz\/archiv\/2023\/wp-json\/wp\/v2\/comments?post=72268"}],"version-history":[{"count":8,"href":"https:\/\/www.ufest.cz\/archiv\/2023\/wp-json\/wp\/v2\/pages\/72268\/revisions"}],"predecessor-version":[{"id":72368,"href":"https:\/\/www.ufest.cz\/archiv\/2023\/wp-json\/wp\/v2\/pages\/72268\/revisions\/72368"}],"up":[{"embeddable":true,"href":"https:\/\/www.ufest.cz\/archiv\/2023\/wp-json\/wp\/v2\/pages\/177"}],"wp:attachment":[{"href":"https:\/\/www.ufest.cz\/archiv\/2023\/wp-json\/wp\/v2\/media?parent=72268"}],"curies":[{"name":"wp","href":"https:\/\/api.w.org\/{rel}","templated":true}]}}