{"id":72297,"date":"2023-03-21T16:01:02","date_gmt":"2023-03-21T15:01:02","guid":{"rendered":"https:\/\/www.ufest.cz\/archiv\/2023\/?page_id=72297"},"modified":"2023-05-26T15:51:42","modified_gmt":"2023-05-26T13:51:42","slug":"lukas-grygar","status":"publish","type":"page","link":"https:\/\/www.ufest.cz\/archiv\/2023\/program\/lukas-grygar\/","title":{"rendered":"Luk\u00e1\u0161 Grygar"},"content":{"rendered":"<p>[et_pb_section fb_built=&#8221;1&#8243; admin_label=&#8221;section&#8221; _builder_version=&#8221;4.16&#8243; background_image=&#8221;https:\/\/www.ufest.cz\/archiv\/2023\/wp-content\/uploads\/2023\/03\/back-thin.svg&#8221; min_height=&#8221;30px&#8221; height=&#8221;30px&#8221; max_height=&#8221;30px&#8221; custom_margin=&#8221;0px||0px||true|false&#8221; custom_padding=&#8221;0px||0px||true|false&#8221; global_colors_info=&#8221;{}&#8221;][et_pb_row _builder_version=&#8221;4.16&#8243; _module_preset=&#8221;default&#8221; global_colors_info=&#8221;{}&#8221;][et_pb_column type=&#8221;4_4&#8243; _builder_version=&#8221;4.16&#8243; _module_preset=&#8221;default&#8221; global_colors_info=&#8221;{}&#8221;][et_pb_divider show_divider=&#8221;off&#8221; _builder_version=&#8221;4.16&#8243; _module_preset=&#8221;default&#8221; global_colors_info=&#8221;{}&#8221;][\/et_pb_divider][\/et_pb_column][\/et_pb_row][\/et_pb_section][et_pb_section fb_built=&#8221;1&#8243; admin_label=&#8221;section&#8221; _builder_version=&#8221;4.16&#8243; background_color=&#8221;RGBA(0,0,0,0)&#8221; background_enable_image=&#8221;off&#8221; custom_margin=&#8221;0px||0px||true|false&#8221; custom_padding=&#8221;0px||0px||true|false&#8221; global_colors_info=&#8221;{}&#8221;][et_pb_row use_custom_gutter=&#8221;on&#8221; gutter_width=&#8221;2&#8243; make_equal=&#8221;on&#8221; admin_label=&#8221;row&#8221; _builder_version=&#8221;4.16&#8243; background_enable_color=&#8221;off&#8221; background_size=&#8221;initial&#8221; background_position=&#8221;top_left&#8221; background_repeat=&#8221;repeat&#8221; custom_margin=&#8221;||||false|false&#8221; custom_padding=&#8221;0px||0px||false|false&#8221; global_colors_info=&#8221;{}&#8221;][et_pb_column type=&#8221;4_4&#8243; _builder_version=&#8221;4.16&#8243; background_color=&#8221;#FFFFFF&#8221; custom_padding=&#8221;||||false|false&#8221; global_colors_info=&#8221;{}&#8221; custom_padding__hover=&#8221;|||&#8221;][et_pb_text _builder_version=&#8221;4.16&#8243; _dynamic_attributes=&#8221;content&#8221; _module_preset=&#8221;default&#8221; text_font=&#8221;ABC-Gravity||||||||&#8221; text_text_color=&#8221;#E02B20&#8243; text_font_size=&#8221;24px&#8221; text_line_height=&#8221;1.2em&#8221; header_font=&#8221;ABC-Gravity||||||||&#8221; header_text_color=&#8221;#E02B20&#8243; background_color=&#8221;#FFFFFF&#8221; text_orientation=&#8221;center&#8221; custom_margin=&#8221;||||false|false&#8221; custom_padding=&#8221;40px|10px|20px|10px|false|false&#8221; global_colors_info=&#8221;{}&#8221;]@ET-DC@eyJkeW5hbWljIjp0cnVlLCJjb250ZW50IjoicG9zdF90aXRsZSIsInNldHRpbmdzIjp7ImJlZm9yZSI6IjxoMT4iLCJhZnRlciI6IjwvaDE+In19@[\/et_pb_text][\/et_pb_column][\/et_pb_row][et_pb_row column_structure=&#8221;1_2,1_2&#8243; use_custom_gutter=&#8221;on&#8221; gutter_width=&#8221;2&#8243; make_equal=&#8221;on&#8221; admin_label=&#8221;row&#8221; _builder_version=&#8221;4.16&#8243; background_enable_color=&#8221;off&#8221; background_size=&#8221;initial&#8221; background_position=&#8221;top_left&#8221; background_repeat=&#8221;repeat&#8221; custom_margin=&#8221;||||false|false&#8221; custom_padding=&#8221;||||false|false&#8221; global_colors_info=&#8221;{}&#8221;][et_pb_column type=&#8221;1_2&#8243; _builder_version=&#8221;4.16&#8243; background_color=&#8221;RGBA(0,0,0,0)&#8221; custom_padding=&#8221;||||false|false&#8221; global_colors_info=&#8221;{}&#8221; custom_padding__hover=&#8221;|||&#8221;][et_pb_image src=&#8221;https:\/\/www.ufest.cz\/archiv\/2023\/wp-content\/uploads\/2023\/03\/Lukas-Grygar4.jpg&#8221; title_text=&#8221;Luk\u00e1\u0161 Grygar,4&#8243; _builder_version=&#8221;4.16&#8243; _module_preset=&#8221;default&#8221; global_colors_info=&#8221;{}&#8221;][\/et_pb_image][\/et_pb_column][et_pb_column type=&#8221;1_2&#8243; _builder_version=&#8221;4.16&#8243; background_color=&#8221;#FFFFFF&#8221; custom_padding=&#8221;||||false|false&#8221; global_colors_info=&#8221;{}&#8221; custom_padding__hover=&#8221;|||&#8221;][et_pb_text _builder_version=&#8221;4.16&#8243; _module_preset=&#8221;default&#8221; text_font=&#8221;ABC-Gravity||||||||&#8221; text_text_color=&#8221;gcid-fd9c76de-af58-4191-95bf-f7f3277de708&#8243; text_font_size=&#8221;24px&#8221; text_line_height=&#8221;1.2em&#8221; background_color=&#8221;#FFFFFF&#8221; text_orientation=&#8221;center&#8221; custom_margin=&#8221;||||false|false&#8221; custom_padding=&#8221;15px|15px|0px|15px|false|true&#8221; global_colors_info=&#8221;{%22gcid-fd9c76de-af58-4191-95bf-f7f3277de708%22:%91%22text_text_color%22%93}&#8221;]<\/p>\n<p>Editor \u010dasopisu Forbes, moder\u00e1tor po\u0159adu Quest na Radiu Wave, \u010dlen hudebn\u00ed skupiny Pris.\u00a0<\/p>\n<p>[\/et_pb_text][et_pb_text _builder_version=&#8221;4.21.0&#8243; _module_preset=&#8221;default&#8221; text_font=&#8221;||||||||&#8221; text_text_color=&#8221;#000000&#8243; text_font_size=&#8221;17px&#8221; text_line_height=&#8221;1.2em&#8221; background_color=&#8221;#FFFFFF&#8221; custom_margin=&#8221;||||false|false&#8221; custom_padding=&#8221;15px|15px|0px|15px|false|true&#8221; hover_enabled=&#8221;0&#8243; global_colors_info=&#8221;{}&#8221; sticky_enabled=&#8221;0&#8243;]<\/p>\n<p>Ve sv\u011bt\u011b publicistiky a psan\u00e9ho slova se etabloval na po\u010d\u00e1tku mil\u00e9nia p\u0159edev\u0161\u00edm jako hern\u00ed novin\u00e1\u0159. Jeho recenze a koment\u00e1\u0159e nov\u011b vyd\u00e1van\u00fdch po\u010d\u00edta\u010dov\u00fdch her se brzy staly vyhled\u00e1van\u00fdmi a hojn\u011b komentovan\u00fdmi.<\/p>\n<p>Hlubok\u00fd vztah k hudb\u011b ho p\u0159ivedl k pr\u00e1ci pro hudebn\u00ed \u010dasopis Full Moon, v\u00fdborn\u00e1 znalost anglick\u00e9ho jazyka se stala fundamentem pro jeho p\u0159ekladatelsk\u00fd opus d\u00edla S. a L. Hawkingov\u00fdch.<\/p>\n<p>Luk\u00e1\u0161 si pro U:FEST p\u0159ipravil p\u0159edn\u00e1\u0161ku: <strong>Kyberpunk&#8217;s not dead:<\/strong> tak dlouho jsme vyhl\u00ed\u017eeli sv\u011bt budoucnosti, jak ho vykresloval kdysi kontrakulturn\u00ed liter\u00e1rn\u00ed \u017e\u00e1nr, a\u017e v n\u011bm najednou \u017eijeme a\u017e po u\u0161i \u2013 a samotn\u00e9mu kyberpunku paradoxn\u011b sch\u00e1z\u00ed zuby, kter\u00fdmi by m\u011bl probl\u00e9my digit\u00e1ln\u00ed doby cupovat na kusy. Jak uchovat sebe sama v bludi\u0161ti algoritm\u016f a generativn\u00ed um\u011bl\u00e9 inteligence? A pro\u010d dnes nenalet\u011bt metaverz\u016fm, o kter\u00fdch kdysi cyberpunks tak snili?<\/p>\n<p>A tady pro n\u00e1s p\u0159ipravil doprovodnou v\u00fdstavu, kter\u00e1 nahl\u00e9dne do virtu\u00e1ln\u00edch sv\u011bt\u016f, vych\u00e1zej\u00edc\u00edch z kyberpunkov\u00fdch inspira\u010dn\u00edch zdroj\u016f. Jak se vyv\u00edjela jejich podoba a technologick\u00e9 mantinely?<\/p>\n<p>&nbsp;<\/p>\n<p>&nbsp;<\/p>\n<p>[\/et_pb_text][et_pb_social_media_follow use_icon_font_size=&#8221;on&#8221; icon_font_size=&#8221;25px&#8221; _builder_version=&#8221;4.16&#8243; _module_preset=&#8221;default&#8221; background_color=&#8221;RGBA(0,0,0,0)&#8221; text_orientation=&#8221;center&#8221; custom_margin=&#8221;0px||0px||false|false&#8221; custom_padding=&#8221;0px||0px||false|false&#8221; border_radii=&#8221;on|0px|0px|0px|0px&#8221; border_color_bottom=&#8221;#005BFF&#8221; global_colors_info=&#8221;{}&#8221; transform_translate__hover_enabled=&#8221;on|desktop&#8221; transform_rotate__hover_enabled=&#8221;on|desktop&#8221; transform_skew__hover_enabled=&#8221;on|desktop&#8221; transform_origin__hover_enabled=&#8221;on|desktop&#8221;][et_pb_social_media_follow_network social_network=&#8221;dbdb-website&#8221; url=&#8221;https:\/\/cohost.org\/janchor&#8221; icon_color=&#8221;#005BFF&#8221; _builder_version=&#8221;4.16&#8243; _module_preset=&#8221;default&#8221; background_color=&#8221;RGBA(0,0,0,0)&#8221; background_enable_color=&#8221;on&#8221; custom_margin=&#8221;||||false|false&#8221; custom_padding=&#8221;||||false|false&#8221; global_colors_info=&#8221;{}&#8221; background__hover_enabled=&#8221;on|hover&#8221; background_color__hover=&#8221;#005BFF&#8221; background_enable_color__hover=&#8221;on&#8221; icon_color__hover_enabled=&#8221;on|hover&#8221; icon_color__hover=&#8221;#FFFFFF&#8221; follow_button=&#8221;off&#8221; url_new_window=&#8221;on&#8221;]dbdb-website[\/et_pb_social_media_follow_network][et_pb_social_media_follow_network social_network=&#8221;facebook&#8221; url=&#8221;https:\/\/www.facebook.com\/lukasgrygar&#8221; icon_color=&#8221;#005BFF&#8221; _builder_version=&#8221;4.16&#8243; _module_preset=&#8221;default&#8221; background_color=&#8221;RGBA(0,0,0,0)&#8221; background_enable_color=&#8221;on&#8221; global_colors_info=&#8221;{}&#8221; background__hover_enabled=&#8221;on|hover&#8221; background_color__hover=&#8221;#005BFF&#8221; background_enable_color__hover=&#8221;on&#8221; icon_color__hover_enabled=&#8221;on|hover&#8221; icon_color__hover=&#8221;#FFFFFF&#8221; follow_button=&#8221;off&#8221; url_new_window=&#8221;on&#8221;]facebook[\/et_pb_social_media_follow_network][et_pb_social_media_follow_network social_network=&#8221;instagram&#8221; url=&#8221;https:\/\/www.instagram.com\/adecrepitude\/?hl=cs&#8221; icon_color=&#8221;#005BFF&#8221; _builder_version=&#8221;4.16&#8243; _module_preset=&#8221;default&#8221; background_color=&#8221;RGBA(0,0,0,0)&#8221; background_enable_color=&#8221;on&#8221; global_colors_info=&#8221;{}&#8221; background__hover_enabled=&#8221;on|hover&#8221; background_color__hover=&#8221;#005BFF&#8221; background_enable_color__hover=&#8221;on&#8221; icon_color__hover_enabled=&#8221;on|hover&#8221; icon_color__hover=&#8221;#FFFFFF&#8221; follow_button=&#8221;off&#8221; url_new_window=&#8221;on&#8221;]instagram[\/et_pb_social_media_follow_network][et_pb_social_media_follow_network social_network=&#8221;bandcamp&#8221; url=&#8221;https:\/\/adecrepitude.bandcamp.com\/&#8221; icon_color=&#8221;#005BFF&#8221; _builder_version=&#8221;4.16&#8243; _module_preset=&#8221;default&#8221; background_color=&#8221;RGBA(0,0,0,0)&#8221; background_enable_color=&#8221;on&#8221; global_colors_info=&#8221;{}&#8221; background__hover_enabled=&#8221;on|hover&#8221; background_color__hover=&#8221;#005BFF&#8221; background_enable_color__hover=&#8221;on&#8221; icon_color__hover_enabled=&#8221;on|hover&#8221; icon_color__hover=&#8221;#FFFFFF&#8221; follow_button=&#8221;off&#8221; url_new_window=&#8221;on&#8221;]bandcamp[\/et_pb_social_media_follow_network][et_pb_social_media_follow_network social_network=&#8221;youtube&#8221; url=&#8221;https:\/\/www.youtube.com\/watch?v=t304q9Mx1ko&#038;ab_channel=RadioWave&#8221; icon_color=&#8221;#005BFF&#8221; _builder_version=&#8221;4.16&#8243; _module_preset=&#8221;default&#8221; background_color=&#8221;RGBA(0,0,0,0)&#8221; background_enable_color=&#8221;on&#8221; global_colors_info=&#8221;{}&#8221; background__hover_enabled=&#8221;on|hover&#8221; background_color__hover=&#8221;#005BFF&#8221; background_enable_color__hover=&#8221;on&#8221; icon_color__hover_enabled=&#8221;on|hover&#8221; icon_color__hover=&#8221;#FFFFFF&#8221; follow_button=&#8221;off&#8221; url_new_window=&#8221;on&#8221;]youtube[\/et_pb_social_media_follow_network][\/et_pb_social_media_follow][et_pb_video _builder_version=&#8221;4.16&#8243; _module_preset=&#8221;default&#8221; global_colors_info=&#8221;{}&#8221;][\/et_pb_video][et_pb_button button_url=&#8221;@ET-DC@eyJkeW5hbWljIjp0cnVlLCJjb250ZW50IjoicG9zdF9saW5rX3VybF9wYWdlIiwic2V0dGluZ3MiOnsicG9zdF9pZCI6IjE3NyJ9fQ==@&#8221; button_text=&#8221;zp\u00e1tky na program&#8221; button_alignment=&#8221;center&#8221; module_class=&#8221;dtb-button&#8221; _builder_version=&#8221;4.16&#8243; _dynamic_attributes=&#8221;button_url&#8221; _module_preset=&#8221;default&#8221; custom_margin=&#8221;||15px||false|false&#8221; global_colors_info=&#8221;{}&#8221;][\/et_pb_button][\/et_pb_column][\/et_pb_row][\/et_pb_section]<\/p>\n","protected":false},"excerpt":{"rendered":"<p>Editor \u010dasopisu Forbes, moder\u00e1tor po\u0159adu Quest na Radiu Wave, \u010dlen hudebn\u00ed skupiny Pris.\u00a0Ve sv\u011bt\u011b publicistiky a psan\u00e9ho slova se etabloval na po\u010d\u00e1tku mil\u00e9nia p\u0159edev\u0161\u00edm jako hern\u00ed novin\u00e1\u0159. Jeho recenze a koment\u00e1\u0159e nov\u011b vyd\u00e1van\u00fdch po\u010d\u00edta\u010dov\u00fdch her se brzy staly vyhled\u00e1van\u00fdmi a hojn\u011b komentovan\u00fdmi. Hlubok\u00fd vztah k hudb\u011b ho p\u0159ivedl k pr\u00e1ci pro hudebn\u00ed \u010dasopis Full Moon, [&hellip;]<\/p>\n","protected":false},"author":2,"featured_media":0,"parent":177,"menu_order":0,"comment_status":"closed","ping_status":"closed","template":"","meta":{"_et_pb_use_builder":"on","_et_pb_old_content":"","_et_gb_content_width":"","inline_featured_image":false,"footnotes":""},"_links":{"self":[{"href":"https:\/\/www.ufest.cz\/archiv\/2023\/wp-json\/wp\/v2\/pages\/72297"}],"collection":[{"href":"https:\/\/www.ufest.cz\/archiv\/2023\/wp-json\/wp\/v2\/pages"}],"about":[{"href":"https:\/\/www.ufest.cz\/archiv\/2023\/wp-json\/wp\/v2\/types\/page"}],"author":[{"embeddable":true,"href":"https:\/\/www.ufest.cz\/archiv\/2023\/wp-json\/wp\/v2\/users\/2"}],"replies":[{"embeddable":true,"href":"https:\/\/www.ufest.cz\/archiv\/2023\/wp-json\/wp\/v2\/comments?post=72297"}],"version-history":[{"count":6,"href":"https:\/\/www.ufest.cz\/archiv\/2023\/wp-json\/wp\/v2\/pages\/72297\/revisions"}],"predecessor-version":[{"id":72640,"href":"https:\/\/www.ufest.cz\/archiv\/2023\/wp-json\/wp\/v2\/pages\/72297\/revisions\/72640"}],"up":[{"embeddable":true,"href":"https:\/\/www.ufest.cz\/archiv\/2023\/wp-json\/wp\/v2\/pages\/177"}],"wp:attachment":[{"href":"https:\/\/www.ufest.cz\/archiv\/2023\/wp-json\/wp\/v2\/media?parent=72297"}],"curies":[{"name":"wp","href":"https:\/\/api.w.org\/{rel}","templated":true}]}}